{"id":9,"date":"2010-10-30T15:49:08","date_gmt":"2010-10-30T13:49:08","guid":{"rendered":"http:\/\/amatasylt.de\/?page_id=9"},"modified":"2023-05-18T15:58:01","modified_gmt":"2023-05-18T13:58:01","slug":"haus","status":"publish","type":"page","link":"https:\/\/amatasylt.de\/","title":{"rendered":"Ferienhaus Amata, Sylt: Am Naturschutzgebiet 3 Minuten vom Strand"},"content":{"rendered":"<p style=\"text-align: left;\"><span style=\"text-decoration: underline; color: #3366ff;\"><strong>Ferienhaus AMATA, am K\u00f6nigshafen 14, 25992 List auf Sylt<\/strong><\/span><\/p>\n<div id=\"attachment_153\" style=\"width: 537px\" class=\"wp-caption aligncenter\"><a href=\"http:\/\/amatasylt.de\/wp-content\/uploads\/2023\/05\/Amata.jpg\"><img loading=\"lazy\" decoding=\"async\" aria-describedby=\"caption-attachment-153\" class=\" wp-image-153\" src=\"http:\/\/amatasylt.de\/wp-content\/uploads\/2023\/05\/Amata-300x200.jpg\" alt=\"\" width=\"527\" height=\"352\" srcset=\"https:\/\/amatasylt.de\/wp-content\/uploads\/2023\/05\/Amata-300x200.jpg 300w, https:\/\/amatasylt.de\/wp-content\/uploads\/2023\/05\/Amata-768x512.jpg 768w, https:\/\/amatasylt.de\/wp-content\/uploads\/2023\/05\/Amata-1024x683.jpg 1024w\" sizes=\"(max-width: 527px) 100vw, 527px\" \/><\/a><p id=\"caption-attachment-153\" class=\"wp-caption-text\"><span style=\"color: #3366ff;\">Das Amata liegt direkt am Naturschutzgebiet mit Sicht aufs Wattenmeer.<\/span><\/p><\/div>\n<p><span style=\"color: #3366ff;\">Grossz\u00fcgiges Ferienhaus, alleinstehend mit Garten<\/span><br \/>\n<span style=\"color: #3366ff;\"><strong>180\u00a0qm Wohnfl\u00e4che auf 2 Etagen und sehr grossz\u00fcgigem Garten und Umschwung zum draussen verweilen. F\u00fcr Kinder ideal zum spielen.<\/strong><\/span><\/p>\n<p><span style=\"text-decoration: underline;\"><em>Erdgeschoss:<\/em><\/span><br \/>\n<strong>Esszimmer mit offener K\u00fcche<br \/>\nKaminzimmer mit Sofa, Lese-Ecke<br \/>\nDiele<br \/>\n<\/strong><strong>Doppel-Schlafzimmer \/ WC,Dusche<br \/>\n<\/strong><strong>Wirtschaftsraum (W\u00e4schetrockner, Waschmaschine)<\/strong><strong><br \/>\n<\/strong><\/p>\n<p><span style=\"text-decoration: underline;\"><em>1. Obergeschoss<br \/>\n<\/em><\/span><strong>3 Schlafzimmer (davon 1 Kinderzimmer)<br \/>\n2 B\u00e4der (davon eines direkt mit Zimmer verbunden)<\/strong><\/p>\n<p>Im Erdgeschoss befindet sich ein grosses Schlafzimmer und ein Bad<br \/>\nEssen, wohnen: Sofa mit Mylin Kamin sowie offene K\u00fcche mit grossem Esstisch<\/p>\n<p><strong>\u00a0<\/strong><strong>Das Ferienhaus AMATA ist i<\/strong><strong>deal f\u00fcr 2 bis\u00a0maximal 8 Personen und ein Kleinkind. (Baby-Reise-Bett, Hochstuhl vor Ort)<\/strong><\/p>\n<p><strong><span style=\"text-decoration: underline;\"><em>Ein<\/em><\/span> Hund ist, nach Absprache mit der Vermieter Agentur Appartment Vermittlung Familie Clausen (www.listinfo.de), gegen Geb\u00fchr erlaubt.<\/strong><\/p>\n<p><strong>Direkter link zum AMATA bei listinof.de (link kopieren)<\/strong><\/p>\n<p><span style=\"color: #3366ff;\"><strong>https:\/\/listinfo.de\/apartments\/100769?apartmentId=100769&amp;comfort=false<\/strong><\/span><\/p>\n<p><strong>Im 1. Obergeschoss (Schlafzimmer) sind Hunde und das Tragen von Schuhen nicht erw\u00fcnscht.<\/strong><\/p>\n<p><strong>\u00a0<\/strong><span style=\"font-size: large; text-decoration: underline;\">Detail-Beschrieb<\/span><strong><br \/>\n<\/strong><\/p>\n<p><strong>Das Ferienhaus AMATA, in List, dem n\u00f6rdlichsten Dorf auf der Insel, \u00a0befindet sich <\/strong>direkt am Naturschutzgebiet,\u00a0mit *freiem Blick \u00fcber das Wattenmeer bis nach D\u00e4nemark\u00a0und grossem, ruhigen Garten mit zwei\u00a0Terrassen. (*Aus dem\u00a0Doppelzimmer mit Bad-en-suite\u00a01. OG).<\/p>\n<p>Sie finden im <strong>1. Obergeschoss\u00a0drei Doppelzimmer<\/strong> und\u00a0<strong>zwei B\u00e4der<\/strong>. Kleinkinderbett und 2 Hochst\u00fchle auf Wunsch vorhanden.<\/p>\n<p>Im <strong>Erdgeschoss<\/strong> befindet sich noch ein <strong>weiteres\u00a0Doppelzimmer mit Waschtisch (Lavabo).<br \/>\nDas WC mit Dusche <\/strong>sowie eine grossz\u00fcgige Diele und nat\u00fcrlich der ganze Wohn- und Essbereich, mit den Gartenterrassen und der Wirtschaftsraum,\u00a0sind hier ebenfalls zu finden.<\/p>\n<p>Die neue, offene und grossz\u00fcgige Wohnk\u00fcche und der weissgekalkte Eichentisch im Essbereich laden zu gem\u00fctlichem Zusammensitzen in kleiner und grosser Runde ein.<\/p>\n<p>Vom Essbereich f\u00fchren Terrassent\u00fcren (Osten und S\u00fcden) auf die\u00a0beiden Terrassen in den Garten. \u00a0Hier\u00a0befindet sich der outdoor Essbereich mit Tisch und St\u00fchlen\u00a0(Osten) und\u00a0einem Strandkorb\u00a0(S\u00fcden) zum Entspannen.<\/p>\n<p>Das im Haus an den Essbereich anschliessende Kaminzimmer, mit einem Mylin-Kamin und Sofa, schenkt Ihnen kuschelige Momente und unvergesslich romantische Stunden.<\/p>\n<p>Die goldenen Sonnenstrahlen, welche die ganzen R\u00e4ume erleuchten, entspannen Sie und Ihre Liebsten.<\/p>\n<p>Die Inneneinrichtung ist in warmen\u00a0Sand- und Weisst\u00f6nen gehalten und verstr\u00f6mt durch die Leinengardinen, den gekalkten Eichenparkett und die weissen Betten nordische Weite und Entspannung. Der antike 200-j\u00e4hrige Terra-cotta Boden mit Bodenheizung im Erdgeschoss gibt dem Raum eine unvergleichliche W\u00e4rme und Nat\u00fcrlichkeit.<\/p>\n<p>Das Haus verf\u00fcgt \u00fcber drei highspeed Internet-Kabel-Anschl\u00fcsse. Der router dazu befindet sich im Wirtschaftsraum und kann manuell\u00a0angepasst werden \u00a0(je nach Wahl; \u00a0<span style=\"color: #008000;\">Kabelanschluss oder WLAN<\/span> bei der Reservation\u00a0 Appartmentvermittlung Clausen bitte melden, falls Sie kein WLAN w\u00fcnschen) und\u00a0belastet\u00a0somit Menschen, die elektrosmogsensibel sind, nicht. Zudem ist das Haus mit speziellen <span style=\"color: #339966;\">Vorh\u00e4ngen und einer Abschirm-Wandfarbe <\/span>unter der weissen Dispersion\u00a0(in den Schlafzimmern, die nach\u00a0S\u00fcden zum Nachbarhaus ausgerichtet sind) gegen Elektrosmog abgeschirmt. Somit erholen sich hier auch <span style=\"color: #339966;\">elektrosmogsensible Menschen <\/span>bestens.<\/p>\n<p>Im Kaminzimmer befindet sich das Festnetz-Telefon mit dem Sie \u00a0kostenlos ins ganze Deutsche Festnetz (flatrate) telefonieren k\u00f6nnen.\u00a0(Mobile Nummern k\u00f6nnen vom Festnetz des Ferienhauses aus nicht angerufen aber jederzeit empfangen werden).<\/p>\n<p>\u00dcber das Fernsehprogramm &#8222;Entertainment&#8220;\u00a0(auch DVD vorhanden) k\u00f6nnen Filme gratis heruntergeladen werden. Der CD-Player\/Radio kann mit Ihren MP 3-Playern und Ihren div. Apple-Ger\u00e4ten direkt verbunden werden.<\/p>\n<p>\u00dcber die <a href=\"http:\/\/www.listinfo.de\">www.listinfo.de<\/a>, die Homepage unseres Vermieters, k\u00f6nnen diverse **Dienstleistungen (link unten) zus\u00e4tzlich beansprucht werden.<\/p>\n<p>link direkt zum Ferienhaus AMATA bei der Appartmentverittlung Clausen bzw. listinfo<\/p>\n<p><a href=\"https:\/\/listinfo.de\/apartments\/100769?apartmentId=100769&amp;no_of_adults=2&amp;comfort=false\">https:\/\/listinfo.de\/apartments\/100769?apartmentId=100769&amp;no_of_adults=2&amp;comfort=false<\/a><\/p>\n<p><strong>Die Terrassen und der\u00a0grosse \u00a0Garten<\/strong> sind ebenerdig mit dem Haus verbunden und ideal f\u00fcr Kinder zum Spielen. (Kinderbettchen 120 cm \/ Babyphon\u00a0und zwei Hochst\u00fchle sowie Wickeltisch\/Kinderwanne sind\u00a0im Haus vorhanden).<\/p>\n<p>Spielsachen und B\u00fccher f\u00fcr diverse Altersstufen sind\u00a0vorhanden.<\/p>\n<p>Das Haus liegt absolut ruhig am Dorfrand und grenzt direkt ans Naturschutzgebiet und ist ganzt\u00e4gig besonnt.\u00a0Der Garten ist in Terrasse Ost\/S\u00fcd und Rasen unterteilt.\u00a0Der <strong>Parkplatz (max. 2 Autos hintereinander) befindet sich neben dem Haus links <\/strong>und ist bequem direkt mit der Eingangst\u00fcre zum Hauswirtschaftsraum (Tiefk\u00fchler, Waschmaschine, W\u00e4schetrocknet, B\u00fcgeleisen\u00a0etc.) verbunden.<\/p>\n<p>Ihre\u00a0Schweizer Gastgeber\u00a0achteten\u00a0 bei der Planung und \u00a0Einrichtung sowie\u00a0beim Umbau auf hochwertige, nat\u00fcrliche Materialien, umfassende Nachhaltigkeit und schonenden Umgang mit den nat\u00fcrlichen Ressourcen. Die Vermieterin bezieht ausschliesslich bio \u00d6ko-Strom aus schweizer Wasserkraft und das auf Sylt!<\/p>\n<p>Durch die Appartmentvermittlung Familie Clausen in List\u00a0(<a href=\"http:\/\/www.listinfo.de\">www.listinfo.de<\/a>) werden unsere G\u00e4ste direkt\u00a0<em><strong>vor Ort betreut und geniessen eine grosse Auswahl an Dienstleistungen gegen Entgelt wie: <\/strong><\/em>Reiseorganisation \/ Fahrradmiete; E-bikes mieten wegen Gegenwind \/ Kindersitz\/Kinderanh\u00e4nger\/Hundeanh\u00e4nger \/ Strandkorbmiete \/ Lebensmitteleinkauf\u00a0\/ Nespressokapseln \/ morgens frische Br\u00f6tchen \/\u00a0Zeitungen \/ Kaminholz \/ Massagen, Kosmetikbehandlungen uvm.<\/p>\n<p>&nbsp;<\/p>\n<p><strong><strong>Diese homepage gilt als Basis des Mietvertrages<\/strong>.<\/strong><\/p>\n<p><strong>\u00a0<\/strong><\/p>\n","protected":false},"excerpt":{"rendered":"<p>Ferienhaus AMATA, am K\u00f6nigshafen 14, 25992 List auf Sylt Grossz\u00fcgiges Ferienhaus, alleinstehend mit Garten 180\u00a0qm Wohnfl\u00e4che auf 2 Etagen und sehr grossz\u00fcgigem Garten und Umschwung zum draussen verweilen. F\u00fcr Kinder ideal zum spielen. Erdgeschoss: Esszimmer mit offener K\u00fcche Kaminzimmer mit Sofa, Lese-Ecke Diele Doppel-Schlafzimmer \/ WC,Dusche Wirtschaftsraum (W\u00e4schetrockner, Waschmaschine) 1. Obergeschoss 3 Schlafzimmer (davon 1 [&hellip;]<\/p>\n","protected":false},"author":4,"featured_media":0,"parent":0,"menu_order":9,"comment_status":"open","ping_status":"closed","template":"page-mit-sub.php","meta":{"ngg_post_thumbnail":0,"footnotes":""},"_links":{"self":[{"href":"https:\/\/amatasylt.de\/index.php?rest_route=\/wp\/v2\/pages\/9"}],"collection":[{"href":"https:\/\/amatasylt.de\/index.php?rest_route=\/wp\/v2\/pages"}],"about":[{"href":"https:\/\/amatasylt.de\/index.php?rest_route=\/wp\/v2\/types\/page"}],"author":[{"embeddable":true,"href":"https:\/\/amatasylt.de\/index.php?rest_route=\/wp\/v2\/users\/4"}],"replies":[{"embeddable":true,"href":"https:\/\/amatasylt.de\/index.php?rest_route=%2Fwp%2Fv2%2Fcomments&post=9"}],"version-history":[{"count":0,"href":"https:\/\/amatasylt.de\/index.php?rest_route=\/wp\/v2\/pages\/9\/revisions"}],"wp:attachment":[{"href":"https:\/\/amatasylt.de\/index.php?rest_route=%2Fwp%2Fv2%2Fmedia&parent=9"}],"curies":[{"name":"wp","href":"https:\/\/api.w.org\/{rel}","templated":true}]}}