{"id":6,"date":"2010-10-30T13:56:47","date_gmt":"2010-10-30T11:56:47","guid":{"rendered":"http:\/\/amatasylt.de\/?page_id=6"},"modified":"2018-07-11T18:35:30","modified_gmt":"2018-07-11T16:35:30","slug":"lage","status":"publish","type":"page","link":"https:\/\/amatasylt.de\/?page_id=6","title":{"rendered":"Lage"},"content":{"rendered":"<h1 class=\"first\">Lage<\/h1>\n<p>Auf der Nordseeinsel Sylt im Dorf List (dem n\u00f6rdlichsten\u00a0Dorf der Insel) direkt am Naturschutzgebiet und eingebettet in einen grossen Garten, liegt das\u00a0<span style=\"color: #339966;\">Ferienhaus Amata <\/span>(Erdgeschoss und 1. Obergeschoss mit 200 qm f\u00fcr unsere G\u00e4ste nutzbar).<br \/>\nVom Ferienhaus sind\u00a0 Sie zu Fuss in <span style=\"color: #0000ff;\">drei Minuten am Wattenmeer mit Bade-Strand (beim Strandhotel). Dieser\u00a0\u00f6stlich gelegene Strand ist\u00a0f\u00fcr das Morgenbad\u00a0 ideal. Ebenso sind sie in drei Minuten am Lister Hafen mit all seinen Angeboten.<\/span><\/p>\n<p><span style=\"color: #0000ff;\">Zum unbeschreiblich sch\u00f6nen Weststrand ben\u00f6tigen sie mit dem Fahrrad ca. 20 Min. via Deich-Weg oder mit dem Auto 5 Minuten.<\/span><\/p>\n<p><span style=\"color: #0000ff;\">Der Weststrand ist in diverse Abschnitte unterteilt. Hier k\u00f6nnen Strandk\u00f6rbe gemietet werden.<br \/>\nz.B. Abschnitt; Textil (also mit Badekleid)\u00a0\/ Textil mit Hund \/ FKK \/ FKK mit Hund&#8230;..die einzelnen Abschnitte sind weit voneinander entfernt.<\/span><span style=\"color: #0000ff;\"><br \/>\n<\/span><\/p>\n<p>Ein grosser <span style=\"color: #0000ff;\">Edeka<\/span> (Lebensmittel uvm.) befindet sich im Lister Markt\u00a0an der Hafenstrasse (N\u00e4he der <span style=\"color: #0000ff;\">Tankstelle und dem Tankstellenshop<\/span>), also mit dem Fahrrad 5 Minuten vom Ferienhaus Amata entfernt.<\/p>\n<p>Zu Fuss sind sie in 5 Minuten im Erlebniszentrum <span style=\"color: #0000ff;\">&#8222;Naturgewalten&#8220;, <\/span>ein &#8222;must&#8220; f\u00fcr alle G\u00e4ste mit Kindern. Hier wird Wissen \u00fcber das Meer und seine Lebewesen vermittelt.<\/p>\n<p>Ebenso k\u00f6nnen Sie direkt vor der Haust\u00fcre zum *<span style=\"color: #0000ff;\">Deich spazieren oder mit dem Fahrrad \u00a0auf dem Deich zum Ellenbogen\/Weststrand fahren<\/span>.<\/p>\n<p>Am Ellenbogen (siehe <a href=\"http:\/\/www.sylt.de\" target=\"_blank\" rel=\"noopener\">www.sylt.de<\/a>) selber ist die Natur von Sylt am unber\u00fchrtesten und die Unmittelbarkeit der Naturkr\u00e4fte wirkt tief auf unsere Seele ein.<\/p>\n<p><img loading=\"lazy\" decoding=\"async\" class=\"alignleft size-full wp-image-75\" style=\"margin-left: -100px;\" title=\"wachtel\" src=\"http:\/\/amatasylt.de\/wp-content\/uploads\/2010\/11\/wachtel.png\" alt=\"\" width=\"200\" height=\"149\" \/>Die entspannende Ruhe im <span style=\"color: #339966;\">Ferienhaus Amata <\/span>und die aerosolhaltige Sylter-Luft und das Sylter-Licht werden Ihnen Erholung vom Feinsten bieten.<\/p>\n<p>Sylt ist eine Insel voller V\u00f6gel und Tiere, denn ein grosser Teil der Insel bzw. des Meeres vor der Insel, ist UNESCO Weltnaturschutzerbe.<\/p>\n<p>&nbsp;<\/p>\n<p><!-- Sylt - Link Anfang --><\/p>\n<p><!-- Sylt Link Ende --><\/p>\n<p>&nbsp;<\/p>\n<p>List liegt direkt am Meer und verf\u00fcgt \u00fcber einen Hafen. Hier l\u00e4uft mehrmals t\u00e4glich die Autof\u00e4hre von Romo\/D\u00e4nemark ein.<\/p>\n<p>Alle Gesch\u00e4fte im Dorf sind mit dem Fahrrad oder zu Fuss leicht erreichbar.<\/p>\n<p><span style=\"text-decoration: underline;\">Zu Fuss: 3 bis 5 Minuten<\/span><\/p>\n<ul>\n<li style=\"list-style-type: none;\">\n<ul>\n<li>zum Strand<\/li>\n<li>zur Busstation<\/li>\n<li>zum Listerhafen mit:Erlebniszentrum Naturgewalten<\/li>\n<\/ul>\n<\/li>\n<\/ul>\n<ul>\n<li>Gosch-Restaurant und weiterer Kulinarik<\/li>\n<li>zum B\u00e4cker (frische Br\u00f6tchen)<\/li>\n<li>zum Gasthof K\u00f6nigshafen an der alten Dorfstrasse mit seinem schmucken Garten<\/li>\n<li>zum alten Gasthof <a href=\"http:\/\/www.alter-gasthof.com\" target=\"_blank\" rel=\"noopener\">www.alter-gasthof.com<\/a><\/li>\n<li>und vielen anderen Restaurants (Italiener &#8222;da Marcello&#8220; etc.)<\/li>\n<li>Massage-Praxis mit div. Behandlungsangeboten<\/li>\n<\/ul>\n<p><span style=\"text-decoration: underline;\">Mit dem Fahrrad: 7 bis 10 Minuten<\/span><\/p>\n<p>zum Ost-Badestrand in List\u00a0bei der \u201eLister Austernperle&#8220;\u00a0 (L.A.), \u00a0dies ist ein bewachter Strand mit ruhigem Meer<\/p>\n<ul>\n<li>zum Hotel Arosa***** mit diversen Delikatess-Restaurants<\/li>\n<li>zum EDEKA Supermarkt im Lister Markt wo sie auch viele andere Gesch\u00e4fte und Restaurants finden<\/li>\n<li>zum Arzt und zur Apotheke<\/li>\n<\/ul>\n<p>In List bzw. auf der Insel k\u00f6nnen Sie\u00a0Urlaub ohne Auto machen. Es gibt ein gut organisiertes Busliniennetz auf der ganzen Insel. Ebenso k\u00f6nnen \u00fcberall Fahrr\u00e4der (auch elektro bikes) mit Anh\u00e4nger f\u00fcr Kinder\u00a0und Anh\u00e4nger f\u00fcr Hunde\u00a0gemietet werden.<\/p>\n<p>Auf der Insel k\u00f6nnen auch Elektro-Autos (Solarenergie) gemietet werden. Fahrradmiete \u00fcber ihren Vermieter &#8222;Appartmentvermittlung Familie Clausen&#8220; in List.<\/p>\n<p>&nbsp;<\/p>\n<p>&nbsp;<\/p>\n<p>&nbsp;<\/p>\n","protected":false},"excerpt":{"rendered":"<p>Lage Auf der Nordseeinsel Sylt im Dorf List (dem n\u00f6rdlichsten\u00a0Dorf der Insel) direkt am Naturschutzgebiet und eingebettet in einen grossen Garten, liegt das\u00a0Ferienhaus Amata (Erdgeschoss und 1. Obergeschoss mit 200 qm f\u00fcr unsere G\u00e4ste nutzbar). Vom Ferienhaus sind\u00a0 Sie zu Fuss in drei Minuten am Wattenmeer mit Bade-Strand (beim Strandhotel). Dieser\u00a0\u00f6stlich gelegene Strand ist\u00a0f\u00fcr das [&hellip;]<\/p>\n","protected":false},"author":4,"featured_media":0,"parent":0,"menu_order":10,"comment_status":"open","ping_status":"open","template":"page-mit-sub.php","meta":{"ngg_post_thumbnail":0,"footnotes":""},"_links":{"self":[{"href":"https:\/\/amatasylt.de\/index.php?rest_route=\/wp\/v2\/pages\/6"}],"collection":[{"href":"https:\/\/amatasylt.de\/index.php?rest_route=\/wp\/v2\/pages"}],"about":[{"href":"https:\/\/amatasylt.de\/index.php?rest_route=\/wp\/v2\/types\/page"}],"author":[{"embeddable":true,"href":"https:\/\/amatasylt.de\/index.php?rest_route=\/wp\/v2\/users\/4"}],"replies":[{"embeddable":true,"href":"https:\/\/amatasylt.de\/index.php?rest_route=%2Fwp%2Fv2%2Fcomments&post=6"}],"version-history":[{"count":0,"href":"https:\/\/amatasylt.de\/index.php?rest_route=\/wp\/v2\/pages\/6\/revisions"}],"wp:attachment":[{"href":"https:\/\/amatasylt.de\/index.php?rest_route=%2Fwp%2Fv2%2Fmedia&parent=6"}],"curies":[{"name":"wp","href":"https:\/\/api.w.org\/{rel}","templated":true}]}}