{"id":49,"date":"2010-11-07T14:38:08","date_gmt":"2010-11-07T13:38:08","guid":{"rendered":"http:\/\/amatasylt.de\/?page_id=49"},"modified":"2018-07-11T19:04:55","modified_gmt":"2018-07-11T17:04:55","slug":"last-minute","status":"publish","type":"page","link":"https:\/\/amatasylt.de\/?page_id=49","title":{"rendered":"Last Minute"},"content":{"rendered":"<p><img loading=\"lazy\" decoding=\"async\" class=\"alignleft size-full wp-image-68\" style=\"margin-left: -50px;\" title=\"meisen\" src=\"http:\/\/amatasylt.de\/wp-content\/uploads\/2010\/11\/meisen.png\" alt=\"\" width=\"238\" height=\"400\" srcset=\"https:\/\/amatasylt.de\/wp-content\/uploads\/2010\/11\/meisen.png 238w, https:\/\/amatasylt.de\/wp-content\/uploads\/2010\/11\/meisen-178x300.png 178w\" sizes=\"(max-width: 238px) 100vw, 238px\" \/><\/p>\n<h1 class=\"first\">Sonderangebote<\/h1>\n<p><br class=\"spacer_\" \/>siehe Preise: in der C-Saison 7 N\u00e4chte f\u00fcr 6 N\u00e4chte<\/p>\n<p>fragen Sie nach bei mail; <a href=\"mailto:info@listinfo.de\">info@listinfo.de<\/a><\/p>\n<p>Appartementvermittlung Familie Clausen, am Buttgraben 6, 25992 List-Sylt<\/p>\n<p>Telefon: 0049 \/ (0) 4651 870 866<\/p>\n<p>Fax:\u00a0\u00a0\u00a0\u00a0\u00a0\u00a0\u00a0\u00a00049 \/ (0) 4651 877 551<\/p>\n<p>&nbsp;<\/p>\n<p>&nbsp;<\/p>\n<p>&nbsp;<\/p>\n<p>&nbsp;<\/p>\n","protected":false},"excerpt":{"rendered":"<p>Sonderangebote siehe Preise: in der C-Saison 7 N\u00e4chte f\u00fcr 6 N\u00e4chte fragen Sie nach bei mail; info@listinfo.de Appartementvermittlung Familie Clausen, am Buttgraben 6, 25992 List-Sylt Telefon: 0049 \/ (0) 4651 870 866 Fax:\u00a0\u00a0\u00a0\u00a0\u00a0\u00a0\u00a0\u00a00049 \/ (0) 4651 877 551 &nbsp; &nbsp; &nbsp; &nbsp;<\/p>\n","protected":false},"author":4,"featured_media":0,"parent":0,"menu_order":43,"comment_status":"closed","ping_status":"closed","template":"","meta":{"ngg_post_thumbnail":0,"footnotes":""},"_links":{"self":[{"href":"https:\/\/amatasylt.de\/index.php?rest_route=\/wp\/v2\/pages\/49"}],"collection":[{"href":"https:\/\/amatasylt.de\/index.php?rest_route=\/wp\/v2\/pages"}],"about":[{"href":"https:\/\/amatasylt.de\/index.php?rest_route=\/wp\/v2\/types\/page"}],"author":[{"embeddable":true,"href":"https:\/\/amatasylt.de\/index.php?rest_route=\/wp\/v2\/users\/4"}],"replies":[{"embeddable":true,"href":"https:\/\/amatasylt.de\/index.php?rest_route=%2Fwp%2Fv2%2Fcomments&post=49"}],"version-history":[{"count":0,"href":"https:\/\/amatasylt.de\/index.php?rest_route=\/wp\/v2\/pages\/49\/revisions"}],"wp:attachment":[{"href":"https:\/\/amatasylt.de\/index.php?rest_route=%2Fwp%2Fv2%2Fmedia&parent=49"}],"curies":[{"name":"wp","href":"https:\/\/api.w.org\/{rel}","templated":true}]}}