{"id":38,"date":"2010-11-06T14:10:49","date_gmt":"2010-11-06T13:10:49","guid":{"rendered":"http:\/\/amatasylt.de\/?page_id=38"},"modified":"2023-05-18T16:12:26","modified_gmt":"2023-05-18T14:12:26","slug":"autoverlad","status":"publish","type":"page","link":"https:\/\/amatasylt.de\/?page_id=38","title":{"rendered":"Autoverladezug ab Basel-L\u00f6rrach bis Hamburg Altona"},"content":{"rendered":"<h1 class=\"first\">Ab Basel-L\u00f6rrach bis Hamburg-Altona<\/h1>\n<h1 class=\"first\">mit dem *Autozug; nervenschonend reisen.<\/h1>\n<p><span style=\"font-size: medium;\">*Ideale Reiseart\u00a0mit Kindern. Auch ihrem Vierbeiner gef\u00e4llt diese Reiseart.<\/span><\/p>\n<p><span style=\"font-size: medium;\">Und von Hamburg-Altona noch 2,5 Autofahrstunden bis nach Sylt.<\/span><\/p>\n<h1 class=\"first\"><span style=\"font-size: 14pt;\"><span style=\"text-decoration: underline;\"><span style=\"color: #ff0000;\"><a href=\"http:\/\/bahntouristikexpress.de\/autoreisezug\/\">http:\/\/<\/a><\/span><a href=\"http:\/\/bahntouristikexpress.de\/autoreisezug\/\">b<\/a><span style=\"color: #ff0000;\"><a href=\"http:\/\/bahntouristikexpress.de\/autoreisezug\/\">ahntouristikexpress.de\/autoreisezug\/<\/a><\/span><\/span><span style=\"color: #ff0000;\"> Homepage<\/span><\/span><\/h1>\n<h1 class=\"first\"><span style=\"font-size: 14pt;\"><span style=\"text-decoration: underline;\"><span style=\"color: #ff0000;\"><a href=\"http:\/\/bahntouristikexpress.de\/autoreisezug-de.html\">http:\/\/bahntouristikexpress.de\/autoreisezug-de.html<\/a><\/span><\/span><span style=\"color: #ff0000;\"> Fahrplan<\/span><span style=\"text-decoration: underline;\"><span style=\"color: #ff0000;\">\u00a0<\/span><\/span><\/span><\/h1>\n<p><span style=\"font-size: 14pt;\"><span style=\"text-decoration: underline;\"><span style=\"color: #ff0000;\"><a href=\"http:\/\/bahntouristikexpress.de\/wp-content\/themes\/bte_responsive\/images\/Bild1.png\">http:\/\/bahntouristikexpress.de\/wp-content\/themes\/bte_responsive\/images\/Bild1.png<\/a><\/span><\/span><span style=\"text-decoration: underline;\"><span style=\"color: #ff0000;\"><br \/>\n<\/span><\/span><\/span><\/p>\n<p><span style=\"font-size: 14pt;\"><span style=\"text-decoration: underline;\">Abfahrt\/Verlad in Basel-L\u00f6rrach<\/span>:<br \/>\nVerlad des Autos\u00a0abends ca.\u00a02 Stunden vor Abfahrt siehe Fahrplan auf der homepage<\/span><\/p>\n<p><span style=\"font-size: 14pt;\">www.bte-autoreisezug.de<\/span><\/p>\n<p><span style=\"font-size: 14pt;\">\u00a0<\/span><\/p>\n<p><span style=\"font-size: 14pt;\"><span style=\"text-decoration: underline;\">Ankunft in Hamburg Altona<\/span>:<br \/>\nAusladen der Fahrzeuge ca. 1 Stunde<\/span><\/p>\n<p><span style=\"font-size: 14pt;\">Maximale Autoh\u00f6he mit Dachbox 2.05 Meter auf dem Autozug!! Fahrr\u00e4der hinten an Heckt\u00fcre befestigen.<br \/>\n<\/span><\/p>\n<p><span style=\"font-size: 14pt;\"><br \/>\n<span style=\"text-decoration: underline;\"><em><strong>Reisedetails: fragen Sie nach via mail bei <\/strong><\/em><\/span><\/span><\/p>\n<p><span style=\"font-size: 14pt;\"> <a href=\"mailto:info@bte-autoreisezug.de\">info@bte-autoreisezug.de<\/a> (f\u00fcr Fragen zu Autozug Basel-L\u00f6rrach nach Hamburg Altona) <\/span><\/p>\n<p><span style=\"font-size: 14pt;\"><br \/>\n<a href=\"http:\/\/www.bahn.de\/syltshuttle\">www.bahn.de\/syltshuttle<\/a> (f\u00fcr Fragen zur \u00dcberfahrt auf dem Hindenburger Damm vom Festland zur Insel)<br \/>\n(0049 \/ (0)1806 22 83 83 Servicetelefon syltshuttle)<\/span><\/p>\n<p>&nbsp;<\/p>\n<p><span style=\"font-size: 14pt;\">Weitere Infos zum Syltshuttle:<\/span><\/p>\n<p><span style=\"font-size: 14pt;\"><span style=\"color: #ff0000;\">syltshuttle Verlade-Wartezeiten: Info-Telefon: 0049 \/ (0)180 \/\u00a05\u00a0\u00a093 45 67 <\/span><br \/>\n(Wichtig bei Abfahrt von Sylt Sa.\/So. wegen Reisezeitberechnung bis nach Hamburg-Altona)<\/span><\/p>\n<p>Am Samstag ist stets in der Hochsaison eine lange Wartezeit einzurechnen. Reisen Sie rund 3 Stunden fr\u00fcher als die definitive Reisezeit Sylt &#8211; Hamburg\/Altona w\u00e4re. So sind Sie bei Stau nicht zu sp\u00e4t in Altona.<\/p>\n<p><span style=\"font-size: medium;\"><br \/>\n<strong><span style=\"text-decoration: underline;\"><em>Navi syltshuttle<\/em><\/span><\/strong>:\u00a0Terminal Nieb\u00fcll, Kurt-Bachmann-Ring 2, D-25899 Nieb\u00fcll<\/span><\/p>\n<p><span style=\"font-size: medium;\"><br \/>\n<\/span><span style=\"font-size: medium;\"><em><span style=\"text-decoration: underline;\"><strong>Anfahrt nach Basel-L\u00f6rrach<\/strong><\/span><\/em>:<\/span><br \/>\n<span style=\"font-size: medium;\"> Autobahn nach Basel \/ dann Richtung Rheinfelden \/ dann Deutschland \/ durch Zoll hindurchfahren und immer geradeaus bis<\/span><br \/>\n<span style=\"font-size: medium;\"> Autobahn-Ausfahrt \u00a0&#8222;L\u00f6rrach Mitte&#8220;<\/span><\/p>\n<p><span style=\"font-size: medium;\"><strong><em><span style=\"text-decoration: underline;\">Adresse f\u00fcr NAVI:<br \/>\n<\/span><\/em><\/strong>Autozug-Terminal L\u00f6rrach Gbf. (G\u00fcterbahnhof)<\/span><br \/>\n<span style=\"font-size: medium;\"> Bahnhofstrasse 1 b<\/span><br \/>\n<span style=\"font-size: medium;\"> D-79539 L\u00f6rrach<\/span><\/p>\n<p><span style=\"font-size: medium;\">In Hamburg Altona\u00a0angekommen (ca. 08.30 Uhr morgens); vom Autozug herunterfahren und nur\u00a0noch 3 Stunden (inkl. syltshuttle von Nieb\u00fcll nach Westerland\/Sylt) und Sie sind in List bwz. im Ferienhaus\u00a0ADINA.<\/span><\/p>\n<p>Da es den Hindenburger-Damm vom Festland (Nieb\u00fcll)\u00a0nach\u00a0Sylt (Westerland)\u00a0gibt, k\u00f6nnen sich die Reisenden\u00a0mit dem Auto bequem auf die Insel man\u00f6vrieren lassen.<\/p>\n<p>&nbsp;<\/p>\n<p><span style=\"font-size: medium;\">W\u00e4hrend der Shuttle-Zug-\u00dcberfahrt auf dem Hindenburgerdamm k\u00f6nnen Sie die unbeschreiblich sch\u00f6ne Landschaft des Wattenmeers geniessen.<\/span><\/p>\n<p><span style=\"font-size: medium;\">In Westerland auf Sylt angekommen, fahren Sie vom Zug und sind auf der Insel. Von da zum Haus in List, dem n\u00f6rdlichsten St\u00e4dtchens Deutschlands, sind es 20 Minuten. Einfach immer nach Norden.<\/span><\/p>\n<p><span style=\"font-size: medium;\"><a href=\"http:\/\/amatasylt.de\/wp-content\/uploads\/2010\/10\/hr.gif\"><img loading=\"lazy\" decoding=\"async\" class=\"aligncenter size-full wp-image-19\" title=\"hr\" src=\"http:\/\/amatasylt.de\/wp-content\/uploads\/2010\/10\/hr.gif\" alt=\"\" width=\"530\" height=\"30\" srcset=\"https:\/\/amatasylt.de\/wp-content\/uploads\/2010\/10\/hr.gif 530w, https:\/\/amatasylt.de\/wp-content\/uploads\/2010\/10\/hr-300x16.gif 300w\" sizes=\"(max-width: 530px) 100vw, 530px\" \/><\/a><\/span><\/p>\n","protected":false},"excerpt":{"rendered":"<p>Ab Basel-L\u00f6rrach bis Hamburg-Altona mit dem *Autozug; nervenschonend reisen. *Ideale Reiseart\u00a0mit Kindern. Auch ihrem Vierbeiner gef\u00e4llt diese Reiseart. Und von Hamburg-Altona noch 2,5 Autofahrstunden bis nach Sylt. http:\/\/bahntouristikexpress.de\/autoreisezug\/ Homepage http:\/\/bahntouristikexpress.de\/autoreisezug-de.html Fahrplan\u00a0 http:\/\/bahntouristikexpress.de\/wp-content\/themes\/bte_responsive\/images\/Bild1.png Abfahrt\/Verlad in Basel-L\u00f6rrach: Verlad des Autos\u00a0abends ca.\u00a02 Stunden vor Abfahrt siehe Fahrplan auf der homepage www.bte-autoreisezug.de \u00a0 Ankunft in Hamburg Altona: Ausladen der [&hellip;]<\/p>\n","protected":false},"author":4,"featured_media":0,"parent":17,"menu_order":10,"comment_status":"open","ping_status":"open","template":"","meta":{"ngg_post_thumbnail":0,"footnotes":""},"_links":{"self":[{"href":"https:\/\/amatasylt.de\/index.php?rest_route=\/wp\/v2\/pages\/38"}],"collection":[{"href":"https:\/\/amatasylt.de\/index.php?rest_route=\/wp\/v2\/pages"}],"about":[{"href":"https:\/\/amatasylt.de\/index.php?rest_route=\/wp\/v2\/types\/page"}],"author":[{"embeddable":true,"href":"https:\/\/amatasylt.de\/index.php?rest_route=\/wp\/v2\/users\/4"}],"replies":[{"embeddable":true,"href":"https:\/\/amatasylt.de\/index.php?rest_route=%2Fwp%2Fv2%2Fcomments&post=38"}],"version-history":[{"count":0,"href":"https:\/\/amatasylt.de\/index.php?rest_route=\/wp\/v2\/pages\/38\/revisions"}],"up":[{"embeddable":true,"href":"https:\/\/amatasylt.de\/index.php?rest_route=\/wp\/v2\/pages\/17"}],"wp:attachment":[{"href":"https:\/\/amatasylt.de\/index.php?rest_route=%2Fwp%2Fv2%2Fmedia&parent=38"}],"curies":[{"name":"wp","href":"https:\/\/api.w.org\/{rel}","templated":true}]}}