{"id":33,"date":"2010-11-06T12:50:23","date_gmt":"2010-11-06T11:50:23","guid":{"rendered":"http:\/\/amatasylt.de\/?page_id=33"},"modified":"2017-12-10T22:02:42","modified_gmt":"2017-12-10T21:02:42","slug":"kinder","status":"publish","type":"page","link":"https:\/\/amatasylt.de\/?page_id=33","title":{"rendered":"Kinder"},"content":{"rendered":"<h1 class=\"first\"><img loading=\"lazy\" decoding=\"async\" title=\"kueken\" alt=\"\" class=\"alignright size-full wp-image-67\" src=\"http:\/\/amatasylt.de\/wp-content\/uploads\/2010\/11\/kueken.png\" width=\"140\" height=\"96\" \/>F\u00fcr Kinder<\/h1>\n<ul class=\"haken\">\n<li>Auf Wunsch vorhanden: zwei Kinderhochst\u00fchle\u00a0verstellbar<\/li>\n<li>Auf Wunsch vorhanden: Kinderbettchen (120 cm) Bettw\u00e4sche kann zugemietet werden<\/li>\n<\/ul>\n<p>&nbsp;<\/p>\n<ul class=\"haken\"> Es stehen zur Verf\u00fcgung<\/ul>\n<p><br class=\"spacer_\" \/><\/p>\n<ul class=\"haken\">\n<li>Im Bad 1.OG; Wickelkommode\u00a0und Babywanne<\/li>\n<li>Div. Kindergeschirr<\/li>\n<li>wenig Sandspielsachen etc.<\/li>\n<li>In der Dusche im 1. OG; kleines Plastikb\u00e4nkchen zum Sitzen<\/li>\n<li>div. Spielsachen im Seesternzimmer und in der K\u00fcche: im Kasten auf der\u00a0R\u00fcckseite der K\u00fcchenkombination<\/li>\n<li>viele Kinderb\u00fccher, Spielsachen siehe unten<\/li>\n<\/ul>\n<p>F\u00fcr Kinder eignet sich das &#8222;Seestern-Zimmer&#8220; da die Betten untereinander geschoben werden k\u00f6nnen und viel Platz zum spielen frei wird.<\/p>\n<p>Die Vermieterin \u00fcbernimmt keine Verantwortung beim Besteigen der Treppen. Eltern haften f\u00fcr Ihre Kinder.<\/p>\n<p>&nbsp;<\/p>\n<p>Kinderb\u00fccher div. Altersgruppen und Erwachsenen B\u00fccher<\/p>\n<p>Plastik-Tiere, Steckenpferd, Verkaufs-Spiel, Malen,\u00a0 Spielautos, Z\u00e4hlrahmen f\u00fcr Kleinkinder (Zahlen und Buchstaben), Kappla Holzkl\u00f6tzchen und grosse Holzkl\u00f6tze, div. Gruppenspiele<\/p>\n","protected":false},"excerpt":{"rendered":"<p>F\u00fcr Kinder Auf Wunsch vorhanden: zwei Kinderhochst\u00fchle\u00a0verstellbar Auf Wunsch vorhanden: Kinderbettchen (120 cm) Bettw\u00e4sche kann zugemietet werden &nbsp; Es stehen zur Verf\u00fcgung Im Bad 1.OG; Wickelkommode\u00a0und Babywanne Div. Kindergeschirr wenig Sandspielsachen etc. In der Dusche im 1. OG; kleines Plastikb\u00e4nkchen zum Sitzen div. Spielsachen im Seesternzimmer und in der K\u00fcche: im Kasten auf der\u00a0R\u00fcckseite der [&hellip;]<\/p>\n","protected":false},"author":4,"featured_media":0,"parent":9,"menu_order":60,"comment_status":"open","ping_status":"closed","template":"buchung2.php","meta":{"ngg_post_thumbnail":0,"footnotes":""},"_links":{"self":[{"href":"https:\/\/amatasylt.de\/index.php?rest_route=\/wp\/v2\/pages\/33"}],"collection":[{"href":"https:\/\/amatasylt.de\/index.php?rest_route=\/wp\/v2\/pages"}],"about":[{"href":"https:\/\/amatasylt.de\/index.php?rest_route=\/wp\/v2\/types\/page"}],"author":[{"embeddable":true,"href":"https:\/\/amatasylt.de\/index.php?rest_route=\/wp\/v2\/users\/4"}],"replies":[{"embeddable":true,"href":"https:\/\/amatasylt.de\/index.php?rest_route=%2Fwp%2Fv2%2Fcomments&post=33"}],"version-history":[{"count":0,"href":"https:\/\/amatasylt.de\/index.php?rest_route=\/wp\/v2\/pages\/33\/revisions"}],"up":[{"embeddable":true,"href":"https:\/\/amatasylt.de\/index.php?rest_route=\/wp\/v2\/pages\/9"}],"wp:attachment":[{"href":"https:\/\/amatasylt.de\/index.php?rest_route=%2Fwp%2Fv2%2Fmedia&parent=33"}],"curies":[{"name":"wp","href":"https:\/\/api.w.org\/{rel}","templated":true}]}}