{"id":31,"date":"2010-11-06T12:49:36","date_gmt":"2010-11-06T11:49:36","guid":{"rendered":"http:\/\/amatasylt.de\/?page_id=31"},"modified":"2017-12-10T22:02:02","modified_gmt":"2017-12-10T21:02:02","slug":"garten-pp","status":"publish","type":"page","link":"https:\/\/amatasylt.de\/?page_id=31","title":{"rendered":"Garten \/ PP"},"content":{"rendered":"<h1 class=\"first\">Garten und zwei Parkpl\u00e4tze (<span style=\"font-size: medium;\"><img loading=\"lazy\" decoding=\"async\" title=\"enten\" alt=\"\" class=\"alignleft size-full wp-image-65\" style=\"margin-left: -30px;\" src=\"http:\/\/amatasylt.de\/wp-content\/uploads\/2010\/11\/enten.png\" width=\"150\" height=\"209\" \/>hintereinander<\/span>)<\/h1>\n<p class=\"first\">2 Parkpl\u00e4tze hintereinander links vom Ferienhaus Amata.<\/p>\n<p><strong>Der grosse \u00a0Garten<\/strong> ist ebenerdig und ideal f\u00fcr Kinder zum Spielen. Der Garten ist in Terrasse Ost\/S\u00fcd und Rasen bzw. Wege unterteilt.\u00a0 Die zwei grossen Terrassen laden zum draussen Essen und\u00a0 Entspannen ein. Die automatische Bew\u00e4sserung stellt sich sp\u00e4t abends und nachts ein.<\/p>\n<p>Vom Esszimmer gehen zwei Balkont\u00fcren-Ausg\u00e4nge direkt in den Garten auf die Ost- und S\u00fcdseite mit je einer Terrasse (S\u00fcdseite mit Esstisch und 6 Gartenst\u00fchlen).<\/p>\n<p>Der Strandkorb steht von ca. Ostern bis Ende Oktober im Garten.<\/p>\n<p>In der kalten Jahrszeit sind die Gartenm\u00f6bel eingestellt und stehen nicht zur Verf\u00fcgung.<\/p>\n<p>Die\u00a0<strong> 2 Parkpl\u00e4tze<\/strong> (hintereinander, nicht nebeneinander) befinden sich direkt neben dem Haus links<strong> <strong>im Freien<\/strong><\/strong>.<\/p>\n<p>Gemietete Fahrr\u00e4der k\u00f6nnen hinter dem Haus parkiert werden.<\/p>\n<p><span style=\"text-decoration: underline;\"><span style=\"font-size: large;\">Fahrr\u00e4der und Anh\u00e4nger, Elektro-Fahrr\u00e4der etc. , Strandkorb mieten bei <a href=\"http:\/\/www.listinfo.de\">www.listinfo.de<\/a><\/span><\/span><\/p>\n<p>Mit dem Fahrrad bis zum Weststrand ben\u00f6tigen sie ca. 15-20 Minuten. Da gibt es <em><strong>diverse Strandabschnitte <\/strong><\/em>mit den bequemen und schattenspendenden Strandk\u00f6rben. (Hunde sitzen mit Vorliebe hinter den Strandk\u00f6rben wo es Schatten hat).<\/p>\n<p><span style=\"color: #ff00ff;\"><em><strong><span style=\"text-decoration: underline;\">Strandabschnitt f\u00fcr Reservation ausw\u00e4hlen; Familie Clausen (listinfo.de) reserviert Ihnen die Strandk\u00f6rbe<\/span><br \/>\nTextilstrand \/ Textilstrand mit Hund<br \/>\nFKK \/ FKK mit Hund <\/strong><\/em><\/span><\/p>\n<p><strong>Es lohnt sich den Strandkorb m\u00f6glichst lange <\/strong><strong>zu mieten da es Rabatte und Gratistage gibt je l\u00e4nger gemietet wird.<\/strong><\/p>\n<p><strong>Ohne Strandkorb ben\u00f6tigt man im Sommer eine &#8222;Strandmuschel&#8220; weil die Sonne stark ist.<\/strong><\/p>\n<p><strong>Strandk\u00f6rbe\u00a0k\u00f6nnen auch direkt\u00a0bei <a href=\"mailto:info@list-sylt.de\">info@list-sylt.de<\/a><\/strong><strong> gemietet werden.<\/strong><em><strong><br \/>\n<\/strong><\/em><\/p>\n<p>&nbsp;<\/p>\n<p><br class=\"spacer_\" \/><\/p>\n<p><br class=\"spacer_\" \/><\/p>\n","protected":false},"excerpt":{"rendered":"<p>Garten und zwei Parkpl\u00e4tze (hintereinander) 2 Parkpl\u00e4tze hintereinander links vom Ferienhaus Amata. Der grosse \u00a0Garten ist ebenerdig und ideal f\u00fcr Kinder zum Spielen. Der Garten ist in Terrasse Ost\/S\u00fcd und Rasen bzw. Wege unterteilt.\u00a0 Die zwei grossen Terrassen laden zum draussen Essen und\u00a0 Entspannen ein. Die automatische Bew\u00e4sserung stellt sich sp\u00e4t abends und nachts ein. [&hellip;]<\/p>\n","protected":false},"author":4,"featured_media":0,"parent":9,"menu_order":50,"comment_status":"open","ping_status":"closed","template":"buchung2.php","meta":{"ngg_post_thumbnail":0,"footnotes":""},"_links":{"self":[{"href":"https:\/\/amatasylt.de\/index.php?rest_route=\/wp\/v2\/pages\/31"}],"collection":[{"href":"https:\/\/amatasylt.de\/index.php?rest_route=\/wp\/v2\/pages"}],"about":[{"href":"https:\/\/amatasylt.de\/index.php?rest_route=\/wp\/v2\/types\/page"}],"author":[{"embeddable":true,"href":"https:\/\/amatasylt.de\/index.php?rest_route=\/wp\/v2\/users\/4"}],"replies":[{"embeddable":true,"href":"https:\/\/amatasylt.de\/index.php?rest_route=%2Fwp%2Fv2%2Fcomments&post=31"}],"version-history":[{"count":0,"href":"https:\/\/amatasylt.de\/index.php?rest_route=\/wp\/v2\/pages\/31\/revisions"}],"up":[{"embeddable":true,"href":"https:\/\/amatasylt.de\/index.php?rest_route=\/wp\/v2\/pages\/9"}],"wp:attachment":[{"href":"https:\/\/amatasylt.de\/index.php?rest_route=%2Fwp%2Fv2%2Fmedia&parent=31"}],"curies":[{"name":"wp","href":"https:\/\/api.w.org\/{rel}","templated":true}]}}