{"id":13,"date":"2010-10-30T16:05:14","date_gmt":"2010-10-30T14:05:14","guid":{"rendered":"http:\/\/amatasylt.de\/?page_id=13"},"modified":"2022-05-23T21:22:53","modified_gmt":"2022-05-23T19:22:53","slug":"regeln-im-haus-adina","status":"publish","type":"page","link":"https:\/\/amatasylt.de\/?page_id=13","title":{"rendered":"Regeln im Amata"},"content":{"rendered":"<p><strong><span style=\"text-decoration: underline;\">Regeln im Ferienhaus Amata, die f\u00fcr Ihren Vierbeiner gelten:<\/span><\/strong><\/p>\n<ul>\n<li>Max. 1 Hund ist gegen Geb\u00fchr nach R\u00fccksprache mit dem Vermieter, Appartmentvermittlung Clausen, gestattet. (Hundebett und Hundenapf gegen Geb\u00fchr)<\/li>\n<li><span style=\"color: #ff0000;\">Hunde sind im 1. Obergeschoss nicht erw\u00fcnscht<\/span><\/li>\n<li>Im Sommer ist auf der Insel Leinenzwang<\/li>\n<li>Es gilt die Hundekotaufnahme-Pflicht auf der ganzen Insel, wie auch im Garten des Ferienhaus AMATA und im angrenzenden\u00a0Naturschutzgebiet.\u00a0Kot-S\u00e4ckchen sind im Naturschutzgebiet an den Abfall-Eimern angebracht und auch kostenlos\u00a0in der Kurverwaltung List erh\u00e4ltlich.<\/li>\n<\/ul>\n<p><strong><span style=\"text-decoration: underline;\">Regeln f\u00fcr all unsere G\u00e4ste <\/span><\/strong><\/p>\n<ul>\n<li>Bitte keine Zigarettenstummel im Garten liegen lassen.<\/li>\n<li>Ansonsten gilt im ganzen Haus Rauchverbot.<\/li>\n<\/ul>\n<ul>\n<li>Bitte das 1. Obergeschoss nicht mit Schuhen betreten. Danke.<\/li>\n<\/ul>\n<ul>\n<li>Wir bitten um nachhaltigen Umgang mit den Ressourcen; S\u00fcsswasser, Strom, Heizung<\/li>\n<\/ul>\n<p>Da wir sowohl beim Umbau wie auch beim Leben im Haus auf Nachhaltigkeit achten, ist es f\u00fcr uns wichtig, dass wir im Amata &#8222;gr\u00fcnen Strom&#8220; anbieten. Unser Strom setzt sich aus <span style=\"background-color: #008000;\">100%-Naturstrom aus Schweizer Wasserkraft zusammen.<\/span><\/p>\n<p>Dies ist ein Beitrag zum Umweltschutz, den wir Dank der Sylter Energieversorgung anbieten k\u00f6nnen.<\/p>\n<p>Es darf nach Deutschem Gesetz, nie gleichzeitig der Kamin eingefeuert und der Dampfabzug \u00fcber dem Herd bet\u00e4tigt werden, dies ist in Deutschland verboten.<\/p>\n<ul>\n<li>Die Friesenwall-Mauern rund um das Haus sind nicht zum Klettern und Spielen gebaut. Eltern\/Erwachsene haften f\u00fcr ihre\/ihnen anvertraute Kinder.<\/li>\n<li>Die Vermieterin \u00fcbernimmt keine Haftung f\u00fcr das Betreten der Treppe; Eltern\/Erwachsene haften f\u00fcr ihre\/ihnen anvertraute Kinder<\/li>\n<\/ul>\n<p>Die Spielsachen geh\u00f6ren am Ende der Ferien wieder dorthin zur\u00fcck wo sie genommen wurden.\u00a0 Wir bitten darum auch an die n\u00e4chsten Kinder zu denken.<\/p>\n<p>Bitte alle B\u00fccher und die CD&#8217;s und DVD&#8217;s wieder zur\u00fccklegen. Auch die n\u00e4chsten G\u00e4ste wollen diese geniessen.<\/p>\n","protected":false},"excerpt":{"rendered":"<p>Regeln im Ferienhaus Amata, die f\u00fcr Ihren Vierbeiner gelten: Max. 1 Hund ist gegen Geb\u00fchr nach R\u00fccksprache mit dem Vermieter, Appartmentvermittlung Clausen, gestattet. (Hundebett und Hundenapf gegen Geb\u00fchr) Hunde sind im 1. Obergeschoss nicht erw\u00fcnscht Im Sommer ist auf der Insel Leinenzwang Es gilt die Hundekotaufnahme-Pflicht auf der ganzen Insel, wie auch im Garten des [&hellip;]<\/p>\n","protected":false},"author":4,"featured_media":0,"parent":9,"menu_order":90,"comment_status":"open","ping_status":"open","template":"","meta":{"ngg_post_thumbnail":0,"footnotes":""},"_links":{"self":[{"href":"https:\/\/amatasylt.de\/index.php?rest_route=\/wp\/v2\/pages\/13"}],"collection":[{"href":"https:\/\/amatasylt.de\/index.php?rest_route=\/wp\/v2\/pages"}],"about":[{"href":"https:\/\/amatasylt.de\/index.php?rest_route=\/wp\/v2\/types\/page"}],"author":[{"embeddable":true,"href":"https:\/\/amatasylt.de\/index.php?rest_route=\/wp\/v2\/users\/4"}],"replies":[{"embeddable":true,"href":"https:\/\/amatasylt.de\/index.php?rest_route=%2Fwp%2Fv2%2Fcomments&post=13"}],"version-history":[{"count":0,"href":"https:\/\/amatasylt.de\/index.php?rest_route=\/wp\/v2\/pages\/13\/revisions"}],"up":[{"embeddable":true,"href":"https:\/\/amatasylt.de\/index.php?rest_route=\/wp\/v2\/pages\/9"}],"wp:attachment":[{"href":"https:\/\/amatasylt.de\/index.php?rest_route=%2Fwp%2Fv2%2Fmedia&parent=13"}],"curies":[{"name":"wp","href":"https:\/\/api.w.org\/{rel}","templated":true}]}}