{"id":12,"date":"2010-10-30T16:04:49","date_gmt":"2010-10-30T14:04:49","guid":{"rendered":"http:\/\/amatasylt.de\/?page_id=12"},"modified":"2017-12-10T22:00:29","modified_gmt":"2017-12-10T21:00:29","slug":"1-obergeschoss","status":"publish","type":"page","link":"https:\/\/amatasylt.de\/?page_id=12","title":{"rendered":"1. Obergeschoss"},"content":{"rendered":"<h1 class=\"first\"><strong> <\/strong><span style=\"font-size: large;\"><strong>Im 1.\u00a0\u00a0Obergeschoss finden Sie\u00a03 Doppelschlafzimmer und 2 B\u00e4der<\/strong><\/span><\/h1>\n<p><span style=\"color: #ff0000;\"><strong>Das 1. Obergeschoss darf von Ihrem Hund nicht betreten werden. <\/strong><\/span><\/p>\n<p><span style=\"color: #cc99ff;\"><strong>1. \u201eLeuchtturm-Doppelschlafzimmer\u201c suite en bain<\/strong><\/span><\/p>\n<ul>\n<li><strong>Mit eigenem grossem, weiss gekacheltem\u00a0Bad und\u00a0Einbaukasten\u00a0 (Bad und Zimmer =31 qm)<\/strong><\/li>\n<li>atemberaubende Aussicht zum Leuchtturm am Ellenbogen und \u00fcber das Wattenmeer bis nach D\u00e4nemark<\/li>\n<\/ul>\n<p>&nbsp;<\/p>\n<ul>Das Leuchtturm-Schlafzimmer verf\u00fcgt \u00fcber ein Doppelbett (160 cm). Das Schlafzimmer ist\u00a018 qm gross mit weissgekalktem Eichenparkett.<br \/>\nEs ist\u00a0direkt verbunden mit dem dazugeh\u00f6renden Bad;\u00a0\u00a0mit Bodenheizung und\u00a0 Heizk\u00f6rper,\u00a0zwei Waschtischen, Dusche, Badewanne\u00a0 (13 qm gross)<\/ul>\n<p><br class=\"spacer_\" \/><span style=\"color: #993300;\"><strong>2. \u201eMuschel-Doppelschlafzimmer\u201c mit grossem Einbaukasten (21 qm)<\/strong><\/span><\/p>\n<ul>\n<li>mit zwei einzelnen Betten nebeneinander (je \u00e0 90 x 200 cm)<\/li>\n<\/ul>\n<p><strong> <\/strong><\/p>\n<p><span style=\"color: #0000ff;\"><strong>3. \u201eSeestern-Zweier-Schlafzimmer\u201c mit\u00a0 Einbaukasten\u00a0 16 qm <\/strong><\/span><\/p>\n<p><strong> <\/strong>Im\u00a0Seestern-Zimmer befinden sich\u00a0zwei Einer-Betten \u00e0 90 x 200 cm. Das eine Bett ist unter das andere geschoben und kann bequem\u00a0hervorgezogen werden, wenn 2 Personen n\u00e4chtigen.<\/p>\n<p><span style=\"color: #ff00ff;\"> F\u00fcr Kinder ist dieses Zimmer sehr geeignet, da das eine Bett nahe am Boden ist. Herunterfallen unm\u00f6glich<\/span>!<\/p>\n<p><strong><span style=\"color: #0000ff; font-size: medium;\"> Die zwei B\u00e4der im 1. Obergeschoss<\/span><\/strong><\/p>\n<ul>\n<li><strong>Im 1. Obergeschoss befindet sich neben dem Bad zum Leuchtturmzimmer noch ein zweites Bad mit Bodenheizung (7 qm)<br \/>\n<\/strong>mit Waschtisch, Dusche, WC und Wickeltisch sowie Babywanne (auf Wunsch vorhanden; Kinderbettchen, 120 cm lang,\u00a0 zwei\u00a0Kinderhochst\u00fchle)<\/li>\n<\/ul>\n","protected":false},"excerpt":{"rendered":"<p>Im 1.\u00a0\u00a0Obergeschoss finden Sie\u00a03 Doppelschlafzimmer und 2 B\u00e4der Das 1. Obergeschoss darf von Ihrem Hund nicht betreten werden. 1. \u201eLeuchtturm-Doppelschlafzimmer\u201c suite en bain Mit eigenem grossem, weiss gekacheltem\u00a0Bad und\u00a0Einbaukasten\u00a0 (Bad und Zimmer =31 qm) atemberaubende Aussicht zum Leuchtturm am Ellenbogen und \u00fcber das Wattenmeer bis nach D\u00e4nemark &nbsp; Das Leuchtturm-Schlafzimmer verf\u00fcgt \u00fcber ein Doppelbett (160 [&hellip;]<\/p>\n","protected":false},"author":4,"featured_media":0,"parent":9,"menu_order":30,"comment_status":"open","ping_status":"open","template":"","meta":{"ngg_post_thumbnail":0,"footnotes":""},"_links":{"self":[{"href":"https:\/\/amatasylt.de\/index.php?rest_route=\/wp\/v2\/pages\/12"}],"collection":[{"href":"https:\/\/amatasylt.de\/index.php?rest_route=\/wp\/v2\/pages"}],"about":[{"href":"https:\/\/amatasylt.de\/index.php?rest_route=\/wp\/v2\/types\/page"}],"author":[{"embeddable":true,"href":"https:\/\/amatasylt.de\/index.php?rest_route=\/wp\/v2\/users\/4"}],"replies":[{"embeddable":true,"href":"https:\/\/amatasylt.de\/index.php?rest_route=%2Fwp%2Fv2%2Fcomments&post=12"}],"version-history":[{"count":0,"href":"https:\/\/amatasylt.de\/index.php?rest_route=\/wp\/v2\/pages\/12\/revisions"}],"up":[{"embeddable":true,"href":"https:\/\/amatasylt.de\/index.php?rest_route=\/wp\/v2\/pages\/9"}],"wp:attachment":[{"href":"https:\/\/amatasylt.de\/index.php?rest_route=%2Fwp%2Fv2%2Fmedia&parent=12"}],"curies":[{"name":"wp","href":"https:\/\/api.w.org\/{rel}","templated":true}]}}